{"id":966,"date":"2022-08-10T16:56:32","date_gmt":"2022-08-10T16:56:32","guid":{"rendered":"https:\/\/www.hiltonloscabos.com\/?page_id=966"},"modified":"2026-04-16T11:21:15","modified_gmt":"2026-04-16T11:21:15","slug":"bodas","status":"publish","type":"page","link":"https:\/\/www.hiltonloscabos.com\/es\/bodas\/","title":{"rendered":"Bodas"},"content":{"rendered":"","protected":false},"excerpt":{"rendered":"<p>Hilton Los Cabos ofrece bodas espectaculares frente al mar en espacios de ensue\u00f1o con vistas al Mar de Cort\u00e9s. Nuestros organizadores certificados se encargan de cada detalle, garantizando una celebraci\u00f3n inolvidable.<\/p>","protected":false},"author":4,"featured_media":10078,"parent":0,"menu_order":0,"comment_status":"closed","ping_status":"closed","template":"","meta":{"_acf_changed":false,"inline_featured_image":false,"footnotes":""},"categories":[],"class_list":["post-966","page","type-page","status-publish","has-post-thumbnail","hentry"],"acf":[],"_links":{"self":[{"href":"https:\/\/www.hiltonloscabos.com\/es\/wp-json\/wp\/v2\/pages\/966","targetHints":{"allow":["GET"]}}],"collection":[{"href":"https:\/\/www.hiltonloscabos.com\/es\/wp-json\/wp\/v2\/pages"}],"about":[{"href":"https:\/\/www.hiltonloscabos.com\/es\/wp-json\/wp\/v2\/types\/page"}],"author":[{"embeddable":true,"href":"https:\/\/www.hiltonloscabos.com\/es\/wp-json\/wp\/v2\/users\/4"}],"replies":[{"embeddable":true,"href":"https:\/\/www.hiltonloscabos.com\/es\/wp-json\/wp\/v2\/comments?post=966"}],"version-history":[{"count":140,"href":"https:\/\/www.hiltonloscabos.com\/es\/wp-json\/wp\/v2\/pages\/966\/revisions"}],"predecessor-version":[{"id":15924,"href":"https:\/\/www.hiltonloscabos.com\/es\/wp-json\/wp\/v2\/pages\/966\/revisions\/15924"}],"wp:featuredmedia":[{"embeddable":true,"href":"https:\/\/www.hiltonloscabos.com\/es\/wp-json\/wp\/v2\/media\/10078"}],"wp:attachment":[{"href":"https:\/\/www.hiltonloscabos.com\/es\/wp-json\/wp\/v2\/media?parent=966"}],"wp:term":[{"taxonomy":"category","embeddable":true,"href":"https:\/\/www.hiltonloscabos.com\/es\/wp-json\/wp\/v2\/categories?post=966"}],"curies":[{"name":"wp","href":"https:\/\/api.w.org\/{rel}","templated":true}]}}