{"id":3945,"date":"2024-02-12T10:20:50","date_gmt":"2024-02-12T10:20:50","guid":{"rendered":"https:\/\/www.hiltonloscabos.com\/?page_id=3945"},"modified":"2025-10-09T19:43:04","modified_gmt":"2025-10-09T19:43:04","slug":"servicios-de-traslado-al-aeropuerto","status":"publish","type":"page","link":"https:\/\/www.hiltonloscabos.com\/es\/complejo\/servicios-de-traslado-al-aeropuerto\/","title":{"rendered":"Servicios de traslado al aeropuerto"},"content":{"rendered":"","protected":false},"excerpt":{"rendered":"<p>Descubra la conveniencia de los servicios de traslado al aeropuerto de Hilton Los Cabos, que ofrecen un viaje sin complicaciones desde el aeropuerto hasta nuestro exquisito resort. Nuestras opciones de transporte confiables y c\u00f3modas garantizan un comienzo perfecto para su escapada a Cabo, permiti\u00e9ndole concentrarse en la relajaci\u00f3n desde el momento de su llegada. Reserve su traslado ahora para una experiencia de viaje sin estr\u00e9s.<\/p>","protected":false},"author":5,"featured_media":0,"parent":3162,"menu_order":0,"comment_status":"closed","ping_status":"closed","template":"","meta":{"_acf_changed":false,"inline_featured_image":false,"footnotes":""},"categories":[],"class_list":["post-3945","page","type-page","status-publish","hentry"],"acf":[],"_links":{"self":[{"href":"https:\/\/www.hiltonloscabos.com\/es\/wp-json\/wp\/v2\/pages\/3945","targetHints":{"allow":["GET"]}}],"collection":[{"href":"https:\/\/www.hiltonloscabos.com\/es\/wp-json\/wp\/v2\/pages"}],"about":[{"href":"https:\/\/www.hiltonloscabos.com\/es\/wp-json\/wp\/v2\/types\/page"}],"author":[{"embeddable":true,"href":"https:\/\/www.hiltonloscabos.com\/es\/wp-json\/wp\/v2\/users\/5"}],"replies":[{"embeddable":true,"href":"https:\/\/www.hiltonloscabos.com\/es\/wp-json\/wp\/v2\/comments?post=3945"}],"version-history":[{"count":26,"href":"https:\/\/www.hiltonloscabos.com\/es\/wp-json\/wp\/v2\/pages\/3945\/revisions"}],"predecessor-version":[{"id":13489,"href":"https:\/\/www.hiltonloscabos.com\/es\/wp-json\/wp\/v2\/pages\/3945\/revisions\/13489"}],"up":[{"embeddable":true,"href":"https:\/\/www.hiltonloscabos.com\/es\/wp-json\/wp\/v2\/pages\/3162"}],"wp:attachment":[{"href":"https:\/\/www.hiltonloscabos.com\/es\/wp-json\/wp\/v2\/media?parent=3945"}],"wp:term":[{"taxonomy":"category","embeddable":true,"href":"https:\/\/www.hiltonloscabos.com\/es\/wp-json\/wp\/v2\/categories?post=3945"}],"curies":[{"name":"wp","href":"https:\/\/api.w.org\/{rel}","templated":true}]}}