{"id":2944,"date":"2023-05-27T00:25:46","date_gmt":"2023-05-27T00:25:46","guid":{"rendered":"https:\/\/www.hiltonloscabos.com\/?page_id=2944"},"modified":"2024-07-31T18:59:52","modified_gmt":"2024-07-31T18:59:52","slug":"parejas","status":"publish","type":"page","link":"https:\/\/www.hiltonloscabos.com\/es\/parejas\/","title":{"rendered":"parejas"},"content":{"rendered":"","protected":false},"excerpt":{"rendered":"<p>Las parejas pueden disfrutar de experiencias \u00edntimas en Hilton Los Cabos, como cenas rom\u00e1nticas frente al mar, tratamientos de spa privados para parejas en eforea Spa y acceso exclusivo al \u00e1rea de AltaMar para una escapada aislada con vista al mar.<\/p>","protected":false},"author":6,"featured_media":1234,"parent":0,"menu_order":0,"comment_status":"closed","ping_status":"closed","template":"","meta":{"_acf_changed":false,"inline_featured_image":false,"footnotes":""},"categories":[],"class_list":["post-2944","page","type-page","status-publish","has-post-thumbnail","hentry"],"acf":[],"_links":{"self":[{"href":"https:\/\/www.hiltonloscabos.com\/es\/wp-json\/wp\/v2\/pages\/2944","targetHints":{"allow":["GET"]}}],"collection":[{"href":"https:\/\/www.hiltonloscabos.com\/es\/wp-json\/wp\/v2\/pages"}],"about":[{"href":"https:\/\/www.hiltonloscabos.com\/es\/wp-json\/wp\/v2\/types\/page"}],"author":[{"embeddable":true,"href":"https:\/\/www.hiltonloscabos.com\/es\/wp-json\/wp\/v2\/users\/6"}],"replies":[{"embeddable":true,"href":"https:\/\/www.hiltonloscabos.com\/es\/wp-json\/wp\/v2\/comments?post=2944"}],"version-history":[{"count":14,"href":"https:\/\/www.hiltonloscabos.com\/es\/wp-json\/wp\/v2\/pages\/2944\/revisions"}],"predecessor-version":[{"id":6973,"href":"https:\/\/www.hiltonloscabos.com\/es\/wp-json\/wp\/v2\/pages\/2944\/revisions\/6973"}],"wp:featuredmedia":[{"embeddable":true,"href":"https:\/\/www.hiltonloscabos.com\/es\/wp-json\/wp\/v2\/media\/1234"}],"wp:attachment":[{"href":"https:\/\/www.hiltonloscabos.com\/es\/wp-json\/wp\/v2\/media?parent=2944"}],"wp:term":[{"taxonomy":"category","embeddable":true,"href":"https:\/\/www.hiltonloscabos.com\/es\/wp-json\/wp\/v2\/categories?post=2944"}],"curies":[{"name":"wp","href":"https:\/\/api.w.org\/{rel}","templated":true}]}}