{"id":2877,"date":"2023-05-15T04:19:45","date_gmt":"2023-05-15T04:19:45","guid":{"rendered":"https:\/\/www.hiltonloscabos.com\/?page_id=2877"},"modified":"2025-10-19T15:56:46","modified_gmt":"2025-10-19T15:56:46","slug":"verano","status":"publish","type":"page","link":"https:\/\/www.hiltonloscabos.com\/es\/verano\/","title":{"rendered":"Verano"},"content":{"rendered":"","protected":false},"excerpt":{"rendered":"<p>Planifique su escapada de verano a Hilton Los Cabos y disfrute de suites con vista al mar, snorkeling, navegaci\u00f3n y relajaci\u00f3n bajo el sol a lo largo de la costa del Pac\u00edfico.<\/p>","protected":false},"author":9,"featured_media":13610,"parent":0,"menu_order":0,"comment_status":"closed","ping_status":"closed","template":"","meta":{"_acf_changed":false,"inline_featured_image":false,"footnotes":""},"categories":[],"class_list":["post-2877","page","type-page","status-publish","has-post-thumbnail","hentry"],"acf":[],"_links":{"self":[{"href":"https:\/\/www.hiltonloscabos.com\/es\/wp-json\/wp\/v2\/pages\/2877","targetHints":{"allow":["GET"]}}],"collection":[{"href":"https:\/\/www.hiltonloscabos.com\/es\/wp-json\/wp\/v2\/pages"}],"about":[{"href":"https:\/\/www.hiltonloscabos.com\/es\/wp-json\/wp\/v2\/types\/page"}],"author":[{"embeddable":true,"href":"https:\/\/www.hiltonloscabos.com\/es\/wp-json\/wp\/v2\/users\/9"}],"replies":[{"embeddable":true,"href":"https:\/\/www.hiltonloscabos.com\/es\/wp-json\/wp\/v2\/comments?post=2877"}],"version-history":[{"count":34,"href":"https:\/\/www.hiltonloscabos.com\/es\/wp-json\/wp\/v2\/pages\/2877\/revisions"}],"predecessor-version":[{"id":13612,"href":"https:\/\/www.hiltonloscabos.com\/es\/wp-json\/wp\/v2\/pages\/2877\/revisions\/13612"}],"wp:featuredmedia":[{"embeddable":true,"href":"https:\/\/www.hiltonloscabos.com\/es\/wp-json\/wp\/v2\/media\/13610"}],"wp:attachment":[{"href":"https:\/\/www.hiltonloscabos.com\/es\/wp-json\/wp\/v2\/media?parent=2877"}],"wp:term":[{"taxonomy":"category","embeddable":true,"href":"https:\/\/www.hiltonloscabos.com\/es\/wp-json\/wp\/v2\/categories?post=2877"}],"curies":[{"name":"wp","href":"https:\/\/api.w.org\/{rel}","templated":true}]}}