{"id":287,"date":"2022-07-18T11:01:00","date_gmt":"2022-07-18T11:01:00","guid":{"rendered":"https:\/\/www.hiltonloscabos.com\/?page_id=287"},"modified":"2026-03-05T23:45:14","modified_gmt":"2026-03-05T23:45:14","slug":"spa","status":"publish","type":"page","link":"https:\/\/www.hiltonloscabos.com\/es\/spa\/","title":{"rendered":"Spa y Bienestar"},"content":{"rendered":"","protected":false},"excerpt":{"rendered":"<p>Hay algo en Los Cabos \u2014el aire puro, el sol radiante, los ritmos revitalizantes del mar\u2014 que inspira a los hu\u00e9spedes a reequilibrar mente, cuerpo y esp\u00edritu. Ofrecemos muchas maneras de lograrlo: salude al amanecer con una clase de yoga. Desaf\u00edese en nuestro gimnasio al aire libre.<\/p>","protected":false},"author":1,"featured_media":5226,"parent":0,"menu_order":0,"comment_status":"closed","ping_status":"closed","template":"","meta":{"_acf_changed":false,"inline_featured_image":false,"footnotes":""},"categories":[],"class_list":["post-287","page","type-page","status-publish","has-post-thumbnail","hentry"],"acf":[],"_links":{"self":[{"href":"https:\/\/www.hiltonloscabos.com\/es\/wp-json\/wp\/v2\/pages\/287","targetHints":{"allow":["GET"]}}],"collection":[{"href":"https:\/\/www.hiltonloscabos.com\/es\/wp-json\/wp\/v2\/pages"}],"about":[{"href":"https:\/\/www.hiltonloscabos.com\/es\/wp-json\/wp\/v2\/types\/page"}],"author":[{"embeddable":true,"href":"https:\/\/www.hiltonloscabos.com\/es\/wp-json\/wp\/v2\/users\/1"}],"replies":[{"embeddable":true,"href":"https:\/\/www.hiltonloscabos.com\/es\/wp-json\/wp\/v2\/comments?post=287"}],"version-history":[{"count":47,"href":"https:\/\/www.hiltonloscabos.com\/es\/wp-json\/wp\/v2\/pages\/287\/revisions"}],"predecessor-version":[{"id":15480,"href":"https:\/\/www.hiltonloscabos.com\/es\/wp-json\/wp\/v2\/pages\/287\/revisions\/15480"}],"wp:featuredmedia":[{"embeddable":true,"href":"https:\/\/www.hiltonloscabos.com\/es\/wp-json\/wp\/v2\/media\/5226"}],"wp:attachment":[{"href":"https:\/\/www.hiltonloscabos.com\/es\/wp-json\/wp\/v2\/media?parent=287"}],"wp:term":[{"taxonomy":"category","embeddable":true,"href":"https:\/\/www.hiltonloscabos.com\/es\/wp-json\/wp\/v2\/categories?post=287"}],"curies":[{"name":"wp","href":"https:\/\/api.w.org\/{rel}","templated":true}]}}