{"id":10790,"date":"2025-05-27T22:56:16","date_gmt":"2025-05-27T22:56:16","guid":{"rendered":"https:\/\/www.hiltonloscabos.com\/?page_id=10790"},"modified":"2026-02-25T11:15:50","modified_gmt":"2026-02-25T11:15:50","slug":"membresias-de-pickleball","status":"publish","type":"page","link":"https:\/\/www.hiltonloscabos.com\/es\/membresias-de-pickleball\/","title":{"rendered":"Membres\u00edas de Pickleball"},"content":{"rendered":"","protected":false},"excerpt":{"rendered":"<p>Descubra una comunidad excepcional donde el lujo, el bienestar y la recreaci\u00f3n se unen en Los Cabos. Nuestras exclusivas membres\u00edas de Pickleball ofrecen a residentes y aficionados comodidades premium, planes flexibles y beneficios \u00fanicos dise\u00f1ados para su estilo de vida activo.<\/p>","protected":false},"author":11,"featured_media":14404,"parent":0,"menu_order":0,"comment_status":"closed","ping_status":"closed","template":"","meta":{"_acf_changed":false,"inline_featured_image":false,"footnotes":""},"categories":[1],"class_list":["post-10790","page","type-page","status-publish","has-post-thumbnail","hentry","category-resort"],"acf":[],"_links":{"self":[{"href":"https:\/\/www.hiltonloscabos.com\/es\/wp-json\/wp\/v2\/pages\/10790","targetHints":{"allow":["GET"]}}],"collection":[{"href":"https:\/\/www.hiltonloscabos.com\/es\/wp-json\/wp\/v2\/pages"}],"about":[{"href":"https:\/\/www.hiltonloscabos.com\/es\/wp-json\/wp\/v2\/types\/page"}],"author":[{"embeddable":true,"href":"https:\/\/www.hiltonloscabos.com\/es\/wp-json\/wp\/v2\/users\/11"}],"replies":[{"embeddable":true,"href":"https:\/\/www.hiltonloscabos.com\/es\/wp-json\/wp\/v2\/comments?post=10790"}],"version-history":[{"count":43,"href":"https:\/\/www.hiltonloscabos.com\/es\/wp-json\/wp\/v2\/pages\/10790\/revisions"}],"predecessor-version":[{"id":15398,"href":"https:\/\/www.hiltonloscabos.com\/es\/wp-json\/wp\/v2\/pages\/10790\/revisions\/15398"}],"wp:featuredmedia":[{"embeddable":true,"href":"https:\/\/www.hiltonloscabos.com\/es\/wp-json\/wp\/v2\/media\/14404"}],"wp:attachment":[{"href":"https:\/\/www.hiltonloscabos.com\/es\/wp-json\/wp\/v2\/media?parent=10790"}],"wp:term":[{"taxonomy":"category","embeddable":true,"href":"https:\/\/www.hiltonloscabos.com\/es\/wp-json\/wp\/v2\/categories?post=10790"}],"curies":[{"name":"wp","href":"https:\/\/api.w.org\/{rel}","templated":true}]}}